{"id":29,"date":"2026-01-23T15:56:30","date_gmt":"2026-01-23T18:56:30","guid":{"rendered":"https:\/\/mixxit.com.ar\/?page_id=29"},"modified":"2026-01-26T12:12:37","modified_gmt":"2026-01-26T15:12:37","slug":"bienvenidos","status":"publish","type":"page","link":"https:\/\/mixxit.com.ar\/","title":{"rendered":"Bienvenidos"},"content":{"rendered":"\t\t<div data-elementor-type=\"wp-page\" data-elementor-id=\"29\" class=\"elementor elementor-29\" data-elementor-post-type=\"page\">\n\t\t\t\t<div class=\"elementor-element elementor-element-519cb09 e-flex e-con-boxed e-con e-parent\" data-id=\"519cb09\" data-element_type=\"container\" data-settings=\"{&quot;background_background&quot;:&quot;classic&quot;}\">\n\t\t\t\t\t<div class=\"e-con-inner\">\n\t\t\t\t<div class=\"elementor-element elementor-element-53bb1d4 elementor-widget elementor-widget-heading\" data-id=\"53bb1d4\" data-element_type=\"widget\" data-widget_type=\"heading.default\">\n\t\t\t\t\t<h2 class=\"elementor-heading-title elementor-size-default\">Soluciones integrales<\/h2>\t\t\t\t<\/div>\n\t\t\t\t<div class=\"elementor-element elementor-element-3f56dcf elementor-widget elementor-widget-heading\" data-id=\"3f56dcf\" data-element_type=\"widget\" data-widget_type=\"heading.default\">\n\t\t\t\t\t<h2 class=\"elementor-heading-title elementor-size-default\">Desarrollamos soluciones a medida <br>para tu empresa.<\/h2>\t\t\t\t<\/div>\n\t\t\t\t<div class=\"elementor-element elementor-element-cfcf9ae elementor-widget elementor-widget-heading\" data-id=\"cfcf9ae\" data-element_type=\"widget\" data-widget_type=\"heading.default\">\n\t\t\t\t\t<h2 class=\"elementor-heading-title elementor-size-default\">Optimizaci\u00f3n de procesos y reducci\u00f3n de costos<\/h2>\t\t\t\t<\/div>\n\t\t\t\t<div class=\"elementor-element elementor-element-b838ce8 elementor-mobile-align-center elementor-widget elementor-widget-button\" data-id=\"b838ce8\" data-element_type=\"widget\" data-widget_type=\"button.default\">\n\t\t\t\t\t\t\t\t\t\t<a class=\"elementor-button elementor-button-link elementor-size-sm\" href=\"#formulario\">\n\t\t\t\t\t\t<span class=\"elementor-button-content-wrapper\">\n\t\t\t\t\t\t\t\t\t<span class=\"elementor-button-text\">Contactanos<\/span>\n\t\t\t\t\t<\/span>\n\t\t\t\t\t<\/a>\n\t\t\t\t\t\t\t\t<\/div>\n\t\t\t\t\t<\/div>\n\t\t\t\t<\/div>\n\t\t<div class=\"elementor-element elementor-element-343aa67 e-flex e-con-boxed e-con e-parent\" data-id=\"343aa67\" data-element_type=\"container\" id=\"Soluciones\" data-settings=\"{&quot;background_background&quot;:&quot;classic&quot;}\">\n\t\t\t\t\t<div class=\"e-con-inner\">\n\t\t\t\t<div class=\"elementor-element elementor-element-a14c9d5 elementor-widget elementor-widget-heading\" data-id=\"a14c9d5\" data-element_type=\"widget\" data-widget_type=\"heading.default\">\n\t\t\t\t\t<h2 class=\"elementor-heading-title elementor-size-default\">Administraci\u00f3n de infraestructura<\/h2>\t\t\t\t<\/div>\n\t\t\t\t<div class=\"elementor-element elementor-element-4353e73 elementor-posts--align-left elementor-grid-3 elementor-grid-tablet-2 elementor-grid-mobile-1 elementor-posts--thumbnail-top elementor-card-shadow-yes elementor-posts__hover-gradient elementor-widget elementor-widget-posts\" data-id=\"4353e73\" data-element_type=\"widget\" data-settings=\"{&quot;cards_columns&quot;:&quot;3&quot;,&quot;cards_columns_tablet&quot;:&quot;2&quot;,&quot;cards_columns_mobile&quot;:&quot;1&quot;,&quot;cards_row_gap&quot;:{&quot;unit&quot;:&quot;px&quot;,&quot;size&quot;:35,&quot;sizes&quot;:[]},&quot;cards_row_gap_tablet&quot;:{&quot;unit&quot;:&quot;px&quot;,&quot;size&quot;:&quot;&quot;,&quot;sizes&quot;:[]},&quot;cards_row_gap_mobile&quot;:{&quot;unit&quot;:&quot;px&quot;,&quot;size&quot;:&quot;&quot;,&quot;sizes&quot;:[]}}\" data-widget_type=\"posts.cards\">\n\t\t\t\t<div class=\"elementor-widget-container\">\n\t\t\t\t\t\t\t<div class=\"elementor-posts-container elementor-posts elementor-posts--skin-cards elementor-grid\" role=\"list\">\n\t\t\t\t<article class=\"elementor-post elementor-grid-item post-1 post type-post status-publish format-standard has-post-thumbnail hentry category-sin-categoria\" role=\"listitem\">\n\t\t\t<div class=\"elementor-post__card\">\n\t\t\t\t<a class=\"elementor-post__thumbnail__link\" href=\"https:\/\/mixxit.com.ar\/index.php\/2025\/12\/23\/hola-mundo\/\" tabindex=\"-1\" ><div class=\"elementor-post__thumbnail\"><img decoding=\"async\" width=\"300\" height=\"165\" src=\"https:\/\/mixxit.com.ar\/wp-content\/uploads\/2025\/12\/vecteezy_social-network-and-network-community-connecting-people_6970700-300x165.jpg\" class=\"attachment-medium size-medium wp-image-87\" alt=\"Imagen representando soporte tecnico\" srcset=\"https:\/\/mixxit.com.ar\/wp-content\/uploads\/2025\/12\/vecteezy_social-network-and-network-community-connecting-people_6970700-300x165.jpg 300w, https:\/\/mixxit.com.ar\/wp-content\/uploads\/2025\/12\/vecteezy_social-network-and-network-community-connecting-people_6970700-1024x562.jpg 1024w, https:\/\/mixxit.com.ar\/wp-content\/uploads\/2025\/12\/vecteezy_social-network-and-network-community-connecting-people_6970700-768x421.jpg 768w, https:\/\/mixxit.com.ar\/wp-content\/uploads\/2025\/12\/vecteezy_social-network-and-network-community-connecting-people_6970700-1536x843.jpg 1536w, https:\/\/mixxit.com.ar\/wp-content\/uploads\/2025\/12\/vecteezy_social-network-and-network-community-connecting-people_6970700-2048x1123.jpg 2048w\" sizes=\"(max-width: 300px) 100vw, 300px\" \/><\/div><\/a>\n\t\t\t\t<div class=\"elementor-post__text\">\n\t\t\t\t<h3 class=\"elementor-post__title\">\n\t\t\t<a href=\"https:\/\/mixxit.com.ar\/index.php\/2025\/12\/23\/hola-mundo\/\" >\n\t\t\t\tSoporte Tecnico\t\t\t<\/a>\n\t\t<\/h3>\n\t\t\t\t<div class=\"elementor-post__excerpt\">\n\t\t\t<p>Al optar por nuestros servicios, comenzamos con un an\u00e1lisis integral del sistema inform\u00e1tico de su organizaci\u00f3n. Evaluamos el rendimiento y la situaci\u00f3n de los dispositivos, las actividades que se llevan a cabo y el estado del entorno f\u00edsico en el que operan. Garantizamos la reducci\u00f3n de fallos: Nuestros especialistas revisan los equipos y las instalaciones en buen estado para realizar un seguimiento constante que asegure su operatividad y \u00f3ptimo desempe\u00f1o. Ofrecemos respuestas \u00e1giles: Disponemos de personal t\u00e9cnico altamente cualificado y talleres especializados en port\u00e1tiles, impresoras y sistemas de alimentaci\u00f3n ininterrumpida (UPS).<\/p>\n\t\t<\/div>\n\t\t\t\t<\/div>\n\t\t\t\t\t<\/div>\n\t\t<\/article>\n\t\t\t\t<article class=\"elementor-post elementor-grid-item post-106 post type-post status-publish format-standard has-post-thumbnail hentry category-sin-categoria\" role=\"listitem\">\n\t\t\t<div class=\"elementor-post__card\">\n\t\t\t\t<a class=\"elementor-post__thumbnail__link\" href=\"https:\/\/mixxit.com.ar\/index.php\/2026\/01\/23\/mantenimiento-de-servidores\/\" tabindex=\"-1\" ><div class=\"elementor-post__thumbnail\"><img fetchpriority=\"high\" decoding=\"async\" width=\"300\" height=\"200\" src=\"https:\/\/mixxit.com.ar\/wp-content\/uploads\/2026\/01\/network-server-room-free-photo-300x200.jpg\" class=\"attachment-medium size-medium wp-image-107\" alt=\"Banner administrador de servidores\" srcset=\"https:\/\/mixxit.com.ar\/wp-content\/uploads\/2026\/01\/network-server-room-free-photo-300x200.jpg 300w, https:\/\/mixxit.com.ar\/wp-content\/uploads\/2026\/01\/network-server-room-free-photo-1024x683.jpg 1024w, https:\/\/mixxit.com.ar\/wp-content\/uploads\/2026\/01\/network-server-room-free-photo-768x512.jpg 768w, https:\/\/mixxit.com.ar\/wp-content\/uploads\/2026\/01\/network-server-room-free-photo-1536x1024.jpg 1536w, https:\/\/mixxit.com.ar\/wp-content\/uploads\/2026\/01\/network-server-room-free-photo-2048x1365.jpg 2048w\" sizes=\"(max-width: 300px) 100vw, 300px\" \/><\/div><\/a>\n\t\t\t\t<div class=\"elementor-post__text\">\n\t\t\t\t<h3 class=\"elementor-post__title\">\n\t\t\t<a href=\"https:\/\/mixxit.com.ar\/index.php\/2026\/01\/23\/mantenimiento-de-servidores\/\" >\n\t\t\t\tMantenimiento de Servidores\t\t\t<\/a>\n\t\t<\/h3>\n\t\t\t\t<div class=\"elementor-post__excerpt\">\n\t\t\t<p>Con nuestro servicio de mantenimiento de servidores, usted tiene visibilidad total y en tiempo real sobre la salud y seguridad de su infraestructura.\u00a0Implementamos protocolos que reducen dr\u00e1sticamente la recurrencia de fallas. Operamos bajo una metodolog\u00eda predictiva y proactiva:\u00a0monitoreamos constantemente sus servidores, anticipamos riesgos y actuamos para prevenir problemas, garantizando soluciones r\u00e1pidas y eficaces. Con m\u00e1s de 30 a\u00f1os de experiencia, hemos perfeccionado un soporte t\u00e9cnico especializado y anticipatorio.\u00a0Nuestro enfoque integral no solo resuelve incidencias, sino que maximiza el rendimiento de su equipo, potenciando los recursos que ya posee.<\/p>\n\t\t<\/div>\n\t\t\t\t<\/div>\n\t\t\t\t\t<\/div>\n\t\t<\/article>\n\t\t\t\t<article class=\"elementor-post elementor-grid-item post-112 post type-post status-publish format-standard has-post-thumbnail hentry category-sin-categoria\" role=\"listitem\">\n\t\t\t<div class=\"elementor-post__card\">\n\t\t\t\t<a class=\"elementor-post__thumbnail__link\" href=\"https:\/\/mixxit.com.ar\/index.php\/2026\/01\/23\/backup\/\" tabindex=\"-1\" ><div class=\"elementor-post__thumbnail\"><img decoding=\"async\" width=\"300\" height=\"157\" src=\"https:\/\/mixxit.com.ar\/wp-content\/uploads\/2026\/01\/vecteezy_icon-in-the-hand-of-a-young-businessman_9377170-300x157.jpg\" class=\"attachment-medium size-medium wp-image-113\" alt=\"Banner backup\" srcset=\"https:\/\/mixxit.com.ar\/wp-content\/uploads\/2026\/01\/vecteezy_icon-in-the-hand-of-a-young-businessman_9377170-300x157.jpg 300w, https:\/\/mixxit.com.ar\/wp-content\/uploads\/2026\/01\/vecteezy_icon-in-the-hand-of-a-young-businessman_9377170-1024x536.jpg 1024w, https:\/\/mixxit.com.ar\/wp-content\/uploads\/2026\/01\/vecteezy_icon-in-the-hand-of-a-young-businessman_9377170-768x402.jpg 768w, https:\/\/mixxit.com.ar\/wp-content\/uploads\/2026\/01\/vecteezy_icon-in-the-hand-of-a-young-businessman_9377170-1536x803.jpg 1536w, https:\/\/mixxit.com.ar\/wp-content\/uploads\/2026\/01\/vecteezy_icon-in-the-hand-of-a-young-businessman_9377170-2048x1071.jpg 2048w\" sizes=\"(max-width: 300px) 100vw, 300px\" \/><\/div><\/a>\n\t\t\t\t<div class=\"elementor-post__text\">\n\t\t\t\t<h3 class=\"elementor-post__title\">\n\t\t\t<a href=\"https:\/\/mixxit.com.ar\/index.php\/2026\/01\/23\/backup\/\" >\n\t\t\t\tBackup\t\t\t<\/a>\n\t\t<\/h3>\n\t\t\t\t<div class=\"elementor-post__excerpt\">\n\t\t\t<p>Nuestra misi\u00f3n es asegurar la continuidad de la actividad de su empresa, frente a incidentes de seguridad como ataques externos (robo de la informaci\u00f3n), errores propios de la actividad, y accidentes en los equipos de la organizaci\u00f3n. Tambi\u00e9n contamos con soluciones que permitan retomar la actividad sin perdida de informaci\u00f3n y en forma transparente. Evaluaci\u00f3n de riesgos y propuesta de soluciones para reducir el impacto.<\/p>\n\t\t<\/div>\n\t\t\t\t<\/div>\n\t\t\t\t\t<\/div>\n\t\t<\/article>\n\t\t\t\t<\/div>\n\t\t\n\t\t\t\t\t\t<\/div>\n\t\t\t\t<\/div>\n\t\t\t\t\t<\/div>\n\t\t\t\t<\/div>\n\t\t<div class=\"elementor-element elementor-element-8068985 e-flex e-con-boxed e-con e-parent\" data-id=\"8068985\" data-element_type=\"container\" data-settings=\"{&quot;background_background&quot;:&quot;classic&quot;}\">\n\t\t\t\t\t<div class=\"e-con-inner\">\n\t\t\t\t<div class=\"elementor-element elementor-element-0eeb2a8 elementor-widget elementor-widget-image\" data-id=\"0eeb2a8\" data-element_type=\"widget\" data-widget_type=\"image.default\">\n\t\t\t\t\t\t\t\t\t\t\t\t\t\t\t<img loading=\"lazy\" decoding=\"async\" width=\"417\" height=\"108\" src=\"https:\/\/mixxit.com.ar\/wp-content\/uploads\/2026\/01\/zabbix_20years-1.png\" class=\"attachment-full size-full wp-image-90\" alt=\"\" srcset=\"https:\/\/mixxit.com.ar\/wp-content\/uploads\/2026\/01\/zabbix_20years-1.png 417w, https:\/\/mixxit.com.ar\/wp-content\/uploads\/2026\/01\/zabbix_20years-1-300x78.png 300w\" sizes=\"(max-width: 417px) 100vw, 417px\" \/>\t\t\t\t\t\t\t\t\t\t\t\t\t\t\t<\/div>\n\t\t\t\t<div class=\"elementor-element elementor-element-c277ee8 elementor-widget__width-initial elementor-widget-mobile__width-inherit elementor-widget elementor-widget-heading\" data-id=\"c277ee8\" data-element_type=\"widget\" data-widget_type=\"heading.default\">\n\t\t\t\t\t<h2 class=\"elementor-heading-title elementor-size-default\">Zabbix: monitoreo y observabilidad para toda tu infraestructura IT<\/h2>\t\t\t\t<\/div>\n\t\t\t\t<div class=\"elementor-element elementor-element-8b4b0c8 elementor-widget__width-initial elementor-widget-mobile__width-inherit elementor-widget elementor-widget-heading\" data-id=\"8b4b0c8\" data-element_type=\"widget\" data-widget_type=\"heading.default\">\n\t\t\t\t\t<h2 class=\"elementor-heading-title elementor-size-default\">Zabbix permite monitorear toda tu infraestructura: nube, redes, servicios, IoT y m\u00e1s. Disponible on-premise o en la nube, con visibilidad en tiempo real desde cualquier lugar.<\/h2>\t\t\t\t<\/div>\n\t\t\t\t<div class=\"elementor-element elementor-element-cab7dab elementor-mobile-align-center elementor-widget elementor-widget-button\" data-id=\"cab7dab\" data-element_type=\"widget\" data-widget_type=\"button.default\">\n\t\t\t\t\t\t\t\t\t\t<a class=\"elementor-button elementor-button-link elementor-size-sm\" href=\"#formulario\">\n\t\t\t\t\t\t<span class=\"elementor-button-content-wrapper\">\n\t\t\t\t\t\t\t\t\t<span class=\"elementor-button-text\">Solicitar asesoria<\/span>\n\t\t\t\t\t<\/span>\n\t\t\t\t\t<\/a>\n\t\t\t\t\t\t\t\t<\/div>\n\t\t\t\t\t<\/div>\n\t\t\t\t<\/div>\n\t\t<div class=\"elementor-element elementor-element-2211c3e e-flex e-con-boxed e-con e-parent\" data-id=\"2211c3e\" data-element_type=\"container\" data-settings=\"{&quot;background_background&quot;:&quot;classic&quot;}\">\n\t\t\t\t\t<div class=\"e-con-inner\">\n\t\t\t\t<div class=\"elementor-element elementor-element-99f5d68 elementor-widget__width-initial elementor-widget-mobile__width-inherit elementor-widget elementor-widget-heading\" data-id=\"99f5d68\" data-element_type=\"widget\" data-widget_type=\"heading.default\">\n\t\t\t\t\t<h2 class=\"elementor-heading-title elementor-size-default\">Todo en un solo panel<\/h2>\t\t\t\t<\/div>\n\t\t\t\t<div class=\"elementor-element elementor-element-2853226 elementor-widget__width-initial elementor-widget-mobile__width-inherit elementor-widget elementor-widget-heading\" data-id=\"2853226\" data-element_type=\"widget\" data-widget_type=\"heading.default\">\n\t\t\t\t\t<h2 class=\"elementor-heading-title elementor-size-default\">Zabbix le brinda visibilidad completa de cada capa de su infraestructura de TI y OT, al tiempo que se integra sin problemas con sus sistemas existentes. <\/h2>\t\t\t\t<\/div>\n\t\t\t\t\t<\/div>\n\t\t\t\t<\/div>\n\t\t<div class=\"elementor-element elementor-element-d27de70 e-con-full e-flex e-con e-parent\" data-id=\"d27de70\" data-element_type=\"container\" data-settings=\"{&quot;background_background&quot;:&quot;classic&quot;}\">\n\t\t\t\t<div class=\"elementor-element elementor-element-f31e564 elementor-widget elementor-widget-image\" data-id=\"f31e564\" data-element_type=\"widget\" data-widget_type=\"image.default\">\n\t\t\t\t\t\t\t\t\t\t\t\t\t\t\t<img loading=\"lazy\" decoding=\"async\" width=\"1449\" height=\"542\" src=\"https:\/\/mixxit.com.ar\/wp-content\/uploads\/2026\/01\/backzb-1.jpg\" class=\"attachment-full size-full wp-image-137\" alt=\"Zabbix panel\" srcset=\"https:\/\/mixxit.com.ar\/wp-content\/uploads\/2026\/01\/backzb-1.jpg 1449w, https:\/\/mixxit.com.ar\/wp-content\/uploads\/2026\/01\/backzb-1-300x112.jpg 300w, https:\/\/mixxit.com.ar\/wp-content\/uploads\/2026\/01\/backzb-1-1024x383.jpg 1024w, https:\/\/mixxit.com.ar\/wp-content\/uploads\/2026\/01\/backzb-1-768x287.jpg 768w\" sizes=\"(max-width: 1449px) 100vw, 1449px\" \/>\t\t\t\t\t\t\t\t\t\t\t\t\t\t\t<\/div>\n\t\t\t\t<\/div>\n\t\t<div class=\"elementor-element elementor-element-7ae3fcc e-flex e-con-boxed e-con e-parent\" data-id=\"7ae3fcc\" data-element_type=\"container\" id=\"formulario\" data-settings=\"{&quot;background_background&quot;:&quot;classic&quot;}\">\n\t\t\t\t\t<div class=\"e-con-inner\">\n\t\t<div class=\"elementor-element elementor-element-de0e564 e-con-full e-flex e-con e-child\" data-id=\"de0e564\" data-element_type=\"container\">\n\t\t\t\t<div class=\"elementor-element elementor-element-de6deec elementor-widget__width-initial elementor-widget-mobile__width-inherit elementor-widget elementor-widget-heading\" data-id=\"de6deec\" data-element_type=\"widget\" data-widget_type=\"heading.default\">\n\t\t\t\t\t<h2 class=\"elementor-heading-title elementor-size-default\">\u00bfSientes que tu tecnolog\u00eda no est\u00e1 a la altura de tus desaf\u00edos operativos?<\/h2>\t\t\t\t<\/div>\n\t\t\t\t<div class=\"elementor-element elementor-element-925a4d8 elementor-widget__width-initial elementor-widget-mobile__width-inherit elementor-widget elementor-widget-heading\" data-id=\"925a4d8\" data-element_type=\"widget\" data-widget_type=\"heading.default\">\n\t\t\t\t\t<h2 class=\"elementor-heading-title elementor-size-default\">Hablemos de c\u00f3mo podemos construir juntos un entorno IT m\u00e1s s\u00f3lido, utilizando herramientas open source, seguras y dise\u00f1adas espec\u00edficamente para tu negocio.<\/h2>\t\t\t\t<\/div>\n\t\t\t\t<\/div>\n\t\t<div class=\"elementor-element elementor-element-97ac506 e-con-full e-flex e-con e-child\" data-id=\"97ac506\" data-element_type=\"container\">\n\t\t\t\t<div class=\"elementor-element elementor-element-9b01dfe elementor-button-align-stretch elementor-widget elementor-widget-form\" data-id=\"9b01dfe\" data-element_type=\"widget\" data-settings=\"{&quot;button_width&quot;:&quot;33&quot;,&quot;step_next_label&quot;:&quot;Next&quot;,&quot;step_previous_label&quot;:&quot;Previous&quot;,&quot;step_type&quot;:&quot;number_text&quot;,&quot;step_icon_shape&quot;:&quot;circle&quot;}\" data-widget_type=\"form.default\">\n\t\t\t\t\t\t\t<form class=\"elementor-form\" method=\"post\" name=\"Contacto\" aria-label=\"Contacto\" novalidate=\"\">\n\t\t\t<input type=\"hidden\" name=\"post_id\" value=\"29\"\/>\n\t\t\t<input type=\"hidden\" name=\"form_id\" value=\"9b01dfe\"\/>\n\t\t\t<input type=\"hidden\" name=\"referer_title\" value=\"\" \/>\n\n\t\t\t\t\t\t\t<input type=\"hidden\" name=\"queried_id\" value=\"29\"\/>\n\t\t\t\n\t\t\t<div class=\"elementor-form-fields-wrapper elementor-labels-\">\n\t\t\t\t\t\t\t\t<div class=\"elementor-field-type-text elementor-field-group elementor-column elementor-field-group-name elementor-col-50 elementor-field-required\">\n\t\t\t\t\t\t\t\t\t\t\t\t<label for=\"form-field-name\" class=\"elementor-field-label elementor-screen-only\">\n\t\t\t\t\t\t\t\t Nombre\t\t\t\t\t\t\t<\/label>\n\t\t\t\t\t\t\t\t\t\t\t\t\t\t<input size=\"1\" type=\"text\" name=\"form_fields[name]\" id=\"form-field-name\" class=\"elementor-field elementor-size-xs  elementor-field-textual\" placeholder=\" Nombre *\" required=\"required\">\n\t\t\t\t\t\t\t\t\t\t\t<\/div>\n\t\t\t\t\t\t\t\t<div class=\"elementor-field-type-text elementor-field-group elementor-column elementor-field-group-field_4131e8f elementor-col-50 elementor-field-required\">\n\t\t\t\t\t\t\t\t\t\t\t\t<label for=\"form-field-field_4131e8f\" class=\"elementor-field-label elementor-screen-only\">\n\t\t\t\t\t\t\t\tApellido\t\t\t\t\t\t\t<\/label>\n\t\t\t\t\t\t\t\t\t\t\t\t\t\t<input size=\"1\" type=\"text\" name=\"form_fields[field_4131e8f]\" id=\"form-field-field_4131e8f\" class=\"elementor-field elementor-size-xs  elementor-field-textual\" placeholder=\"Apellido * \" required=\"required\">\n\t\t\t\t\t\t\t\t\t\t\t<\/div>\n\t\t\t\t\t\t\t\t<div class=\"elementor-field-type-email elementor-field-group elementor-column elementor-field-group-email elementor-col-50 elementor-field-required\">\n\t\t\t\t\t\t\t\t\t\t\t\t<label for=\"form-field-email\" class=\"elementor-field-label elementor-screen-only\">\n\t\t\t\t\t\t\t\tEmail\t\t\t\t\t\t\t<\/label>\n\t\t\t\t\t\t\t\t\t\t\t\t\t\t<input size=\"1\" type=\"email\" name=\"form_fields[email]\" id=\"form-field-email\" class=\"elementor-field elementor-size-xs  elementor-field-textual\" placeholder=\"Correo Electronico *\" required=\"required\">\n\t\t\t\t\t\t\t\t\t\t\t<\/div>\n\t\t\t\t\t\t\t\t<div class=\"elementor-field-type-tel elementor-field-group elementor-column elementor-field-group-field_9301140 elementor-col-50 elementor-field-required\">\n\t\t\t\t\t\t\t\t\t\t\t\t<label for=\"form-field-field_9301140\" class=\"elementor-field-label elementor-screen-only\">\n\t\t\t\t\t\t\t\tTelefono\t\t\t\t\t\t\t<\/label>\n\t\t\t\t\t\t\t\t<input size=\"1\" type=\"tel\" name=\"form_fields[field_9301140]\" id=\"form-field-field_9301140\" class=\"elementor-field elementor-size-xs  elementor-field-textual\" placeholder=\"Telefono\" required=\"required\" pattern=\"[0-9()#&amp;+*-=.]+\" title=\"Only numbers and phone characters (#, -, *, etc) are accepted.\">\n\n\t\t\t\t\t\t<\/div>\n\t\t\t\t\t\t\t\t<div class=\"elementor-field-type-text elementor-field-group elementor-column elementor-field-group-field_df29ab2 elementor-col-50\">\n\t\t\t\t\t\t\t\t\t\t\t\t<label for=\"form-field-field_df29ab2\" class=\"elementor-field-label elementor-screen-only\">\n\t\t\t\t\t\t\t\tEmpresa\t\t\t\t\t\t\t<\/label>\n\t\t\t\t\t\t\t\t\t\t\t\t\t\t<input size=\"1\" type=\"text\" name=\"form_fields[field_df29ab2]\" id=\"form-field-field_df29ab2\" class=\"elementor-field elementor-size-xs  elementor-field-textual\" placeholder=\"Empresa *\">\n\t\t\t\t\t\t\t\t\t\t\t<\/div>\n\t\t\t\t\t\t\t\t<div class=\"elementor-field-type-text elementor-field-group elementor-column elementor-field-group-field_ab84e6c elementor-col-50\">\n\t\t\t\t\t\t\t\t\t\t\t\t<label for=\"form-field-field_ab84e6c\" class=\"elementor-field-label elementor-screen-only\">\n\t\t\t\t\t\t\t\tCargo\t\t\t\t\t\t\t<\/label>\n\t\t\t\t\t\t\t\t\t\t\t\t\t\t<input size=\"1\" type=\"text\" name=\"form_fields[field_ab84e6c]\" id=\"form-field-field_ab84e6c\" class=\"elementor-field elementor-size-xs  elementor-field-textual\" placeholder=\"Cargo *\">\n\t\t\t\t\t\t\t\t\t\t\t<\/div>\n\t\t\t\t\t\t\t\t<div class=\"elementor-field-type-textarea elementor-field-group elementor-column elementor-field-group-message elementor-col-100\">\n\t\t\t\t\t\t\t\t\t\t\t\t<label for=\"form-field-message\" class=\"elementor-field-label elementor-screen-only\">\n\t\t\t\t\t\t\t\tMessage\t\t\t\t\t\t\t<\/label>\n\t\t\t\t\t\t<textarea class=\"elementor-field-textual elementor-field  elementor-size-xs\" name=\"form_fields[message]\" id=\"form-field-message\" rows=\"4\" placeholder=\"Message\"><\/textarea>\t\t\t\t<\/div>\n\t\t\t\t\t\t\t\t<div class=\"elementor-field-group elementor-column elementor-field-type-submit elementor-col-33 e-form__buttons\">\n\t\t\t\t\t<button class=\"elementor-button elementor-size-sm\" type=\"submit\">\n\t\t\t\t\t\t<span class=\"elementor-button-content-wrapper\">\n\t\t\t\t\t\t\t\t\t\t\t\t\t\t\t<span class=\"elementor-button-icon\">\n\t\t\t\t\t\t\t\t\t<svg aria-hidden=\"true\" class=\"e-font-icon-svg e-fas-envelope-open-text\" viewBox=\"0 0 512 512\" xmlns=\"http:\/\/www.w3.org\/2000\/svg\"><path d=\"M176 216h160c8.84 0 16-7.16 16-16v-16c0-8.84-7.16-16-16-16H176c-8.84 0-16 7.16-16 16v16c0 8.84 7.16 16 16 16zm-16 80c0 8.84 7.16 16 16 16h160c8.84 0 16-7.16 16-16v-16c0-8.84-7.16-16-16-16H176c-8.84 0-16 7.16-16 16v16zm96 121.13c-16.42 0-32.84-5.06-46.86-15.19L0 250.86V464c0 26.51 21.49 48 48 48h416c26.51 0 48-21.49 48-48V250.86L302.86 401.94c-14.02 10.12-30.44 15.19-46.86 15.19zm237.61-254.18c-8.85-6.94-17.24-13.47-29.61-22.81V96c0-26.51-21.49-48-48-48h-77.55c-3.04-2.2-5.87-4.26-9.04-6.56C312.6 29.17 279.2-.35 256 0c-23.2-.35-56.59 29.17-73.41 41.44-3.17 2.3-6 4.36-9.04 6.56H96c-26.51 0-48 21.49-48 48v44.14c-12.37 9.33-20.76 15.87-29.61 22.81A47.995 47.995 0 0 0 0 200.72v10.65l96 69.35V96h320v184.72l96-69.35v-10.65c0-14.74-6.78-28.67-18.39-37.77z\"><\/path><\/svg>\t\t\t\t\t\t\t\t\t\t\t\t\t\t\t\t\t<\/span>\n\t\t\t\t\t\t\t\t\t\t\t\t\t\t\t\t\t\t\t\t\t\t<span class=\"elementor-button-text\">Enviar consulta<\/span>\n\t\t\t\t\t\t\t\t\t\t\t\t\t<\/span>\n\t\t\t\t\t<\/button>\n\t\t\t\t<\/div>\n\t\t\t<\/div>\n\t\t<\/form>\n\t\t\t\t\t\t<\/div>\n\t\t\t\t<\/div>\n\t\t\t\t\t<\/div>\n\t\t\t\t<\/div>\n\t\t\t\t<\/div>\n\t\t","protected":false},"excerpt":{"rendered":"<p>Soluciones integrales Desarrollamos soluciones a medida para tu empresa. Optimizaci\u00f3n de procesos y reducci\u00f3n de costos Contactanos Administraci\u00f3n de infraestructura Zabbix: monitoreo y observabilidad para toda tu infraestructura IT Zabbix permite monitorear toda tu infraestructura: nube, redes, servicios, IoT y m\u00e1s. Disponible on-premise o en la nube, con visibilidad en tiempo real desde cualquier lugar. [&hellip;]<\/p>\n","protected":false},"author":1,"featured_media":0,"parent":0,"menu_order":0,"comment_status":"closed","ping_status":"closed","template":"","meta":{"footnotes":""},"class_list":["post-29","page","type-page","status-publish","hentry"],"_links":{"self":[{"href":"https:\/\/mixxit.com.ar\/index.php\/wp-json\/wp\/v2\/pages\/29","targetHints":{"allow":["GET"]}}],"collection":[{"href":"https:\/\/mixxit.com.ar\/index.php\/wp-json\/wp\/v2\/pages"}],"about":[{"href":"https:\/\/mixxit.com.ar\/index.php\/wp-json\/wp\/v2\/types\/page"}],"author":[{"embeddable":true,"href":"https:\/\/mixxit.com.ar\/index.php\/wp-json\/wp\/v2\/users\/1"}],"replies":[{"embeddable":true,"href":"https:\/\/mixxit.com.ar\/index.php\/wp-json\/wp\/v2\/comments?post=29"}],"version-history":[{"count":103,"href":"https:\/\/mixxit.com.ar\/index.php\/wp-json\/wp\/v2\/pages\/29\/revisions"}],"predecessor-version":[{"id":177,"href":"https:\/\/mixxit.com.ar\/index.php\/wp-json\/wp\/v2\/pages\/29\/revisions\/177"}],"wp:attachment":[{"href":"https:\/\/mixxit.com.ar\/index.php\/wp-json\/wp\/v2\/media?parent=29"}],"curies":[{"name":"wp","href":"https:\/\/api.w.org\/{rel}","templated":true}]}}